{"id":617,"date":"2019-07-18T04:26:21","date_gmt":"2019-07-18T04:26:21","guid":{"rendered":"https:\/\/radiustheme.com\/demo\/wordpress\/themes\/clenix\/?page_id=617"},"modified":"2025-02-03T00:24:07","modified_gmt":"2025-02-02T21:24:07","slug":"pricing","status":"publish","type":"page","link":"https:\/\/msn25.de\/?page_id=617","title":{"rendered":"Pricing"},"content":{"rendered":"\t\t<div data-elementor-type=\"wp-post\" data-elementor-id=\"617\" class=\"elementor elementor-617\" data-elementor-post-type=\"page\">\n\t\t\t\t<div class=\"elementor-element elementor-element-0942991 e-flex e-con-boxed e-con e-parent\" data-id=\"0942991\" data-element_type=\"container\" data-e-type=\"container\">\n\t\t\t\t\t<div class=\"e-con-inner\">\n\t\t\t\t<div class=\"elementor-element elementor-element-11e7ce4 elementor-widget elementor-widget-rt-title\" data-id=\"11e7ce4\" data-element_type=\"widget\" data-e-type=\"widget\" data-widget_type=\"rt-title.default\">\n\t\t\t\t<div class=\"elementor-widget-container\">\n\t\t\t\t\t<div class=\"sec-title style1 center barhide\">\n\t<div class=\"sec-title-holder\">\n\t\t<h2 class=\"rtin-title\">Bei diesen Preisen handelt es sich lediglich um Richtpreise<\/h2>\n\t\t\n\t\t\t\t\t\t\n\t\t\t\t<p class=\"sub-title\">Der endg\u00fcltige Preis f\u00fcr die Dienstleistung wird nach der ersten Besichtigung des Kundenstandorts und den tats\u00e4chlichen Messungen durch einen unserer Mitarbeiter festgelegt<\/p>\n\t\t\t<\/div>\n<\/div>\n\t\t\t\t<\/div>\n\t\t\t\t<\/div>\n\t\t\t\t\t<\/div>\n\t\t\t\t<\/div>\n\t\t<div class=\"elementor-element elementor-element-b6e9341 e-flex e-con-boxed e-con e-parent\" data-id=\"b6e9341\" data-element_type=\"container\" data-e-type=\"container\">\n\t\t\t\t\t<div class=\"e-con-inner\">\n\t\t<div class=\"elementor-element elementor-element-acd8767 e-con-full e-flex e-con e-child\" data-id=\"acd8767\" data-element_type=\"container\" data-e-type=\"container\">\n\t\t\t\t<div class=\"elementor-element elementor-element-8d58c72 elementor-widget elementor-widget-rt-pricing-table\" data-id=\"8d58c72\" data-element_type=\"widget\" data-e-type=\"widget\" data-widget_type=\"rt-pricing-table.default\">\n\t\t\t\t<div class=\"elementor-widget-container\">\n\t\t\t\t\t\r\n<div class=\"default-pricing rtin-pricing-layout1 common-class offer-active\">\t\t\r\n\t<div class=\"rt-price-table-box\">\r\n\t\t\t\t<div class=\"popular-offer\">\r\n\t\t<div class=\"offer\">Popular Sale!<\/div>\r\n\t\t<div class=\"popular-shape\"><\/div>\r\n\t\t<\/div>\r\n\t\t\t\t<div class=\"rtin-icon\">\r\n\t\t\t\t\t\t\t\t\t\t\t\t\t\t\t<span class=\"image-svg\"><img decoding=\"async\" width=\"150\" height=\"150\" src=\"https:\/\/msn25.de\/wp-content\/uploads\/2024\/11\/Leiter-Acc-7-1-150x150.jpeg\" class=\"attachment-thumbnail size-thumbnail\" alt=\"\" srcset=\"https:\/\/msn25.de\/wp-content\/uploads\/2024\/11\/Leiter-Acc-7-1-150x150.jpeg 150w, https:\/\/msn25.de\/wp-content\/uploads\/2024\/11\/Leiter-Acc-7-1-300x300.jpeg 300w, https:\/\/msn25.de\/wp-content\/uploads\/2024\/11\/Leiter-Acc-7-1-100x100.jpeg 100w, https:\/\/msn25.de\/wp-content\/uploads\/2024\/11\/Leiter-Acc-7-1-400x400.jpeg 400w\" sizes=\"(max-width: 150px) 100vw, 150px\" \/><\/span>\r\n\t\t\t\t\t\t\t\t\t<\/div>\r\n\t\t<div class=\"price-header\">\r\n\t\t\t\t\t\t<h3 class=\"rtin-title\">Schubladeneinbau<\/h3>\r\n\t\t\t\t\t<\/div>\r\n\t\t<ul>\r\n\t\t\t\t\t<li><\/li>\r\n\t\t\t\t<\/ul>\r\n\t\t<div class=\"rtin-pricing-price\">\r\n\t\t\t<span class=\"rtin-price\"><span class=\"price-symbol\">$<\/span>39<span class=\"price-unit\"> \/ euro<\/span><\/span>\r\n\t\t<\/div>\r\n\t\t\r\n\t\t\t\t\t\t<div class=\"rtin-price-button\"><a class=\"clenix-button-1\" href=\"#\">Book Now<\/a><\/div>\t\t\r\n\t\t\t\t\t\t\r\n\t\t\t\r\n\t<\/div>\t\t\t\r\n<\/div>\t\t\t\t<\/div>\n\t\t\t\t<\/div>\n\t\t\t\t<div class=\"elementor-element elementor-element-58a8d0f elementor-widget elementor-widget-rt-pricing-table\" data-id=\"58a8d0f\" data-element_type=\"widget\" data-e-type=\"widget\" data-widget_type=\"rt-pricing-table.default\">\n\t\t\t\t<div class=\"elementor-widget-container\">\n\t\t\t\t\t\r\n<div class=\"default-pricing rtin-pricing-layout1 common-class offer-inactive\">\t\t\r\n\t<div class=\"rt-price-table-box\">\r\n\t\t\t\t<div class=\"rtin-icon\">\r\n\t\t\t\t\t\t\t\t\t\t\t\t\t\t\t<span class=\"image-svg\"><img decoding=\"async\" width=\"150\" height=\"150\" src=\"https:\/\/msn25.de\/wp-content\/uploads\/2024\/11\/Leiter-Acc-7-1-150x150.jpeg\" class=\"attachment-thumbnail size-thumbnail\" alt=\"\" srcset=\"https:\/\/msn25.de\/wp-content\/uploads\/2024\/11\/Leiter-Acc-7-1-150x150.jpeg 150w, https:\/\/msn25.de\/wp-content\/uploads\/2024\/11\/Leiter-Acc-7-1-300x300.jpeg 300w, https:\/\/msn25.de\/wp-content\/uploads\/2024\/11\/Leiter-Acc-7-1-100x100.jpeg 100w, https:\/\/msn25.de\/wp-content\/uploads\/2024\/11\/Leiter-Acc-7-1-400x400.jpeg 400w\" sizes=\"(max-width: 150px) 100vw, 150px\" \/><\/span>\r\n\t\t\t\t\t\t\t\t\t<\/div>\r\n\t\t<div class=\"price-header\">\r\n\t\t\t\t\t\t<h3 class=\"rtin-title\">Schubladeneinbau<\/h3>\r\n\t\t\t\t\t<\/div>\r\n\t\t<ul>\r\n\t\t\t\t\t<li><\/li>\r\n\t\t\t\t<\/ul>\r\n\t\t<div class=\"rtin-pricing-price\">\r\n\t\t\t<span class=\"rtin-price\"><span class=\"price-symbol\">$<\/span>39<span class=\"price-unit\"> \/ euro<\/span><\/span>\r\n\t\t<\/div>\r\n\t\t\r\n\t\t\t\t\t\t<div class=\"rtin-price-button\"><a class=\"clenix-button-1\" href=\"#\">Book Now<\/a><\/div>\t\t\r\n\t\t\t\t\t\t\r\n\t\t\t\r\n\t<\/div>\t\t\t\r\n<\/div>\t\t\t\t<\/div>\n\t\t\t\t<\/div>\n\t\t\t\t<\/div>\n\t\t<div class=\"elementor-element elementor-element-8f8a92b e-con-full e-flex e-con e-child\" data-id=\"8f8a92b\" data-element_type=\"container\" data-e-type=\"container\">\n\t\t\t\t<div class=\"elementor-element elementor-element-eaaa187 elementor-widget elementor-widget-rt-pricing-table\" data-id=\"eaaa187\" data-element_type=\"widget\" data-e-type=\"widget\" data-widget_type=\"rt-pricing-table.default\">\n\t\t\t\t<div class=\"elementor-widget-container\">\n\t\t\t\t\t\r\n<div class=\"default-pricing rtin-pricing-layout1 common-class offer-active\">\t\t\r\n\t<div class=\"rt-price-table-box\">\r\n\t\t\t\t<div class=\"popular-offer\">\r\n\t\t<div class=\"offer\">Am beliebtesten!<\/div>\r\n\t\t<div class=\"popular-shape\"><\/div>\r\n\t\t<\/div>\r\n\t\t\t\t<div class=\"rtin-icon\">\r\n\t\t\t\t\t\t\t\t\t\t\t\t\t\t\t<span class=\"image-svg\"><img decoding=\"async\" width=\"150\" height=\"150\" src=\"https:\/\/msn25.de\/wp-content\/uploads\/2019\/07\/Tur-6-150x150.webp\" class=\"attachment-thumbnail size-thumbnail\" alt=\"\" srcset=\"https:\/\/msn25.de\/wp-content\/uploads\/2019\/07\/Tur-6-150x150.webp 150w, https:\/\/msn25.de\/wp-content\/uploads\/2019\/07\/Tur-6-300x300.webp 300w, https:\/\/msn25.de\/wp-content\/uploads\/2019\/07\/Tur-6-100x100.webp 100w, https:\/\/msn25.de\/wp-content\/uploads\/2019\/07\/Tur-6-600x600.webp 600w, https:\/\/msn25.de\/wp-content\/uploads\/2019\/07\/Tur-6.webp 730w, https:\/\/msn25.de\/wp-content\/uploads\/2019\/07\/Tur-6-400x400.webp 400w\" sizes=\"(max-width: 150px) 100vw, 150px\" \/><\/span>\r\n\t\t\t\t\t\t\t\t\t<\/div>\r\n\t\t<div class=\"price-header\">\r\n\t\t\t\t\t\t<h3 class=\"rtin-title\">Fenstereinbau<\/h3>\r\n\t\t\t\t\t<\/div>\r\n\t\t<ul>\r\n\t\t\t\t\t<li><\/li>\r\n\t\t\t\t<\/ul>\r\n\t\t<div class=\"rtin-pricing-price\">\r\n\t\t\t<span class=\"rtin-price\"><span class=\"price-symbol\"><\/span>59<span class=\"price-unit\"> \/ Euro<\/span><\/span>\r\n\t\t<\/div>\r\n\t\t\r\n\t\t\t\t\t\t<div class=\"rtin-price-button\"><a class=\"clenix-button-1\" href=\"#\">Book Now<\/a><\/div>\t\t\r\n\t\t\t\t\t\t\r\n\t\t\t\r\n\t<\/div>\t\t\t\r\n<\/div>\t\t\t\t<\/div>\n\t\t\t\t<\/div>\n\t\t\t\t<div class=\"elementor-element elementor-element-76e9fc2 elementor-widget elementor-widget-rt-pricing-table\" data-id=\"76e9fc2\" data-element_type=\"widget\" data-e-type=\"widget\" data-widget_type=\"rt-pricing-table.default\">\n\t\t\t\t<div class=\"elementor-widget-container\">\n\t\t\t\t\t\r\n<div class=\"default-pricing rtin-pricing-layout1 common-class offer-active\">\t\t\r\n\t<div class=\"rt-price-table-box\">\r\n\t\t\t\t<div class=\"popular-offer\">\r\n\t\t<div class=\"offer\">Am beliebtesten!<\/div>\r\n\t\t<div class=\"popular-shape\"><\/div>\r\n\t\t<\/div>\r\n\t\t\t\t<div class=\"rtin-icon\">\r\n\t\t\t\t\t\t\t\t\t\t\t\t\t\t\t<span class=\"image-svg\"><img decoding=\"async\" width=\"150\" height=\"150\" src=\"https:\/\/msn25.de\/wp-content\/uploads\/2019\/07\/Tur-6-150x150.webp\" class=\"attachment-thumbnail size-thumbnail\" alt=\"\" srcset=\"https:\/\/msn25.de\/wp-content\/uploads\/2019\/07\/Tur-6-150x150.webp 150w, https:\/\/msn25.de\/wp-content\/uploads\/2019\/07\/Tur-6-300x300.webp 300w, https:\/\/msn25.de\/wp-content\/uploads\/2019\/07\/Tur-6-100x100.webp 100w, https:\/\/msn25.de\/wp-content\/uploads\/2019\/07\/Tur-6-600x600.webp 600w, https:\/\/msn25.de\/wp-content\/uploads\/2019\/07\/Tur-6.webp 730w, https:\/\/msn25.de\/wp-content\/uploads\/2019\/07\/Tur-6-400x400.webp 400w\" sizes=\"(max-width: 150px) 100vw, 150px\" \/><\/span>\r\n\t\t\t\t\t\t\t\t\t<\/div>\r\n\t\t<div class=\"price-header\">\r\n\t\t\t\t\t\t<h3 class=\"rtin-title\">Fenstereinbau<\/h3>\r\n\t\t\t\t\t<\/div>\r\n\t\t<ul>\r\n\t\t\t\t\t<li><\/li>\r\n\t\t\t\t<\/ul>\r\n\t\t<div class=\"rtin-pricing-price\">\r\n\t\t\t<span class=\"rtin-price\"><span class=\"price-symbol\"><\/span>59<span class=\"price-unit\"> \/ Euro<\/span><\/span>\r\n\t\t<\/div>\r\n\t\t\r\n\t\t\t\t\t\t<div class=\"rtin-price-button\"><a class=\"clenix-button-1\" href=\"#\">Book Now<\/a><\/div>\t\t\r\n\t\t\t\t\t\t\r\n\t\t\t\r\n\t<\/div>\t\t\t\r\n<\/div>\t\t\t\t<\/div>\n\t\t\t\t<\/div>\n\t\t\t\t<\/div>\n\t\t<div class=\"elementor-element elementor-element-9519b81 e-con-full e-flex e-con e-child\" data-id=\"9519b81\" data-element_type=\"container\" data-e-type=\"container\">\n\t\t\t\t<div class=\"elementor-element elementor-element-9fa9271 elementor-widget elementor-widget-rt-pricing-table\" data-id=\"9fa9271\" data-element_type=\"widget\" data-e-type=\"widget\" data-widget_type=\"rt-pricing-table.default\">\n\t\t\t\t<div class=\"elementor-widget-container\">\n\t\t\t\t\t\r\n<div class=\"default-pricing rtin-pricing-layout1 common-class offer-inactive\">\t\t\r\n\t<div class=\"rt-price-table-box\">\r\n\t\t\t\t<div class=\"rtin-icon\">\r\n\t\t\t\t\t\t\t\t\t\t\t\t\t\t\t<span class=\"image-svg\"><img decoding=\"async\" width=\"150\" height=\"150\" src=\"https:\/\/msn25.de\/wp-content\/uploads\/2019\/07\/Tur-28-150x150.jpg\" class=\"attachment-thumbnail size-thumbnail\" alt=\"\" srcset=\"https:\/\/msn25.de\/wp-content\/uploads\/2019\/07\/Tur-28-150x150.jpg 150w, https:\/\/msn25.de\/wp-content\/uploads\/2019\/07\/Tur-28-100x100.jpg 100w\" sizes=\"(max-width: 150px) 100vw, 150px\" \/><\/span>\r\n\t\t\t\t\t\t\t\t\t<\/div>\r\n\t\t<div class=\"price-header\">\r\n\t\t\t\t\t\t<h3 class=\"rtin-title\">T\u00fcren einbauen<\/h3>\r\n\t\t\t\t\t<\/div>\r\n\t\t<ul>\r\n\t\t\t\t\t<li><\/li>\r\n\t\t\t\t<\/ul>\r\n\t\t<div class=\"rtin-pricing-price\">\r\n\t\t\t<span class=\"rtin-price\"><span class=\"price-symbol\"><\/span>99<span class=\"price-unit\"> \/ Euro<\/span><\/span>\r\n\t\t<\/div>\r\n\t\t\r\n\t\t\t\t\t\t<div class=\"rtin-price-button\"><a class=\"clenix-button-1\" href=\"#\">Book Now<\/a><\/div>\t\t\r\n\t\t\t\t\t\t\r\n\t\t\t\r\n\t<\/div>\t\t\t\r\n<\/div>\t\t\t\t<\/div>\n\t\t\t\t<\/div>\n\t\t\t\t<div class=\"elementor-element elementor-element-368ae30 elementor-widget elementor-widget-rt-pricing-table\" data-id=\"368ae30\" data-element_type=\"widget\" data-e-type=\"widget\" data-widget_type=\"rt-pricing-table.default\">\n\t\t\t\t<div class=\"elementor-widget-container\">\n\t\t\t\t\t\r\n<div class=\"default-pricing rtin-pricing-layout1 common-class offer-inactive\">\t\t\r\n\t<div class=\"rt-price-table-box\">\r\n\t\t\t\t<div class=\"rtin-icon\">\r\n\t\t\t\t\t\t\t\t\t\t\t\t\t\t\t<span class=\"image-svg\"><img decoding=\"async\" width=\"150\" height=\"150\" src=\"https:\/\/msn25.de\/wp-content\/uploads\/2019\/07\/Tur-28-150x150.jpg\" class=\"attachment-thumbnail size-thumbnail\" alt=\"\" srcset=\"https:\/\/msn25.de\/wp-content\/uploads\/2019\/07\/Tur-28-150x150.jpg 150w, https:\/\/msn25.de\/wp-content\/uploads\/2019\/07\/Tur-28-100x100.jpg 100w\" sizes=\"(max-width: 150px) 100vw, 150px\" \/><\/span>\r\n\t\t\t\t\t\t\t\t\t<\/div>\r\n\t\t<div class=\"price-header\">\r\n\t\t\t\t\t\t<h3 class=\"rtin-title\">T\u00fcren einbauen<\/h3>\r\n\t\t\t\t\t<\/div>\r\n\t\t<ul>\r\n\t\t\t\t\t<li><\/li>\r\n\t\t\t\t<\/ul>\r\n\t\t<div class=\"rtin-pricing-price\">\r\n\t\t\t<span class=\"rtin-price\"><span class=\"price-symbol\"><\/span>99<span class=\"price-unit\"> \/ Euro<\/span><\/span>\r\n\t\t<\/div>\r\n\t\t\r\n\t\t\t\t\t\t<div class=\"rtin-price-button\"><a class=\"clenix-button-1\" href=\"#\">Book Now<\/a><\/div>\t\t\r\n\t\t\t\t\t\t\r\n\t\t\t\r\n\t<\/div>\t\t\t\r\n<\/div>\t\t\t\t<\/div>\n\t\t\t\t<\/div>\n\t\t\t\t<\/div>\n\t\t\t\t\t<\/div>\n\t\t\t\t<\/div>\n\t\t<div class=\"elementor-element elementor-element-ac41e07 e-flex e-con-boxed e-con e-parent\" data-id=\"ac41e07\" data-element_type=\"container\" data-e-type=\"container\" data-settings=\"{&quot;background_background&quot;:&quot;classic&quot;}\">\n\t\t\t\t\t<div class=\"e-con-inner\">\n\t\t<div class=\"elementor-element elementor-element-c84dce3 e-con-full e-flex e-con e-child\" data-id=\"c84dce3\" data-element_type=\"container\" data-e-type=\"container\">\n\t\t\t\t<div class=\"elementor-element elementor-element-27173c8 custom-align-center elementor-widget elementor-widget-rt-text-with-button\" data-id=\"27173c8\" data-element_type=\"widget\" data-e-type=\"widget\" data-widget_type=\"rt-text-with-button.default\">\n\t\t\t\t<div class=\"elementor-widget-container\">\n\t\t\t\t\t<div class=\"title-text-button left barhide text-style1\">\n\t\t\t\t<h2 class=\"rtin-title\" style=\"\">Gemeinsam <span>k\u00f6nnen<br> wir das<\/span> Beste erreichen<\/h2>\n\t\t\t\t\t\t<div class=\"rtin-content\" style=\"\"><\/div>\n\t\t\t\t\t\t<div class=\"rtin-button\"><a class=\"clenix-button-1\" href=\"#\">Buchen Sie einen Termin<\/a><\/div>\n\t\t\t<\/div>\t\t\t\t<\/div>\n\t\t\t\t<\/div>\n\t\t\t\t<\/div>\n\t\t<div class=\"elementor-element elementor-element-ab557a8 e-con-full e-flex e-con e-child\" data-id=\"ab557a8\" data-element_type=\"container\" data-e-type=\"container\">\n\t\t\t\t<div class=\"elementor-element elementor-element-29def14 elementor-widget elementor-widget-rt-animate-image\" data-id=\"29def14\" data-element_type=\"widget\" data-e-type=\"widget\" data-widget_type=\"rt-animate-image.default\">\n\t\t\t\t<div class=\"elementor-widget-container\">\n\t\t\t\t\t<div class=\"about-animate-image\">\t\n\t\t\n\t<div class=\"item-icon\" style=\"position:absolute; transform: scale(0.7); animation: animate-figure-odd infinite 6s;top:40px;left:50px; \">\t\t\n\t\t\t\t\t\t\t\t\t\t\t<\/div>\n\t\n\t<div class=\"item-icon\" style=\"position:absolute; transform: scale(0.7); animation: animate-figure-even infinite 6s;bottom:50px;left:20px; \">\t\t\n\t\t\t\t\t\t\t\t\t\t\t<\/div>\n\t\n\t<div class=\"item-icon\" style=\"position:absolute; transform: scale(0.7); animation: animate-figure-odd infinite 6s;top:30px;right:40px;\">\t\t\n\t\t\t\t\t\t\t\t\t\t\t<\/div>\n\t\n\t<div class=\"item-icon\" style=\"position:absolute; transform: scale(0.7); animation: animate-figure-even infinite 6s;bottom:50px;right:40px;\">\t\t\n\t\t\t\t\t\t\t\t\t\t\t<\/div>\n\t\t<div class=\"item-img\">\n\t\t<img loading=\"lazy\" decoding=\"async\" width=\"473\" height=\"473\" src=\"https:\/\/msn25.de\/wp-content\/uploads\/2024\/11\/Team-2-1.jpg\" class=\"attachment-full size-full\" alt=\"\" srcset=\"https:\/\/msn25.de\/wp-content\/uploads\/2024\/11\/Team-2-1.jpg 473w, https:\/\/msn25.de\/wp-content\/uploads\/2024\/11\/Team-2-1-300x300.jpg 300w, https:\/\/msn25.de\/wp-content\/uploads\/2024\/11\/Team-2-1-100x100.jpg 100w, https:\/\/msn25.de\/wp-content\/uploads\/2024\/11\/Team-2-1-150x150.jpg 150w, https:\/\/msn25.de\/wp-content\/uploads\/2024\/11\/Team-2-1-400x400.jpg 400w\" sizes=\"(max-width: 473px) 100vw, 473px\" \/>\t<\/div>\n<\/div>\t\t\t\t<\/div>\n\t\t\t\t<\/div>\n\t\t\t\t<\/div>\n\t\t\t\t\t<\/div>\n\t\t\t\t<\/div>\n\t\t\t\t<\/div>\n\t\t","protected":false},"excerpt":{"rendered":"<p>Bei diesen Preisen handelt es sich lediglich um Richtpreise Der endg\u00fcltige Preis f\u00fcr die Dienstleistung wird nach der ersten Besichtigung des Kundenstandorts und den tats\u00e4chlichen Messungen durch einen unserer Mitarbeiter festgelegt Popular Sale! Schubladeneinbau $39 \/ euro Book Now Schubladeneinbau $39 \/ euro Book Now Am beliebtesten! Fenstereinbau 59 \/ Euro Book Now Am beliebtesten! [&hellip;]<\/p>\n","protected":false},"author":1,"featured_media":0,"parent":0,"menu_order":0,"comment_status":"closed","ping_status":"closed","template":"elementor_header_footer","meta":{"_monsterinsights_skip_tracking":false,"_monsterinsights_sitenote_active":false,"_monsterinsights_sitenote_note":"","_monsterinsights_sitenote_category":0,"footnotes":""},"class_list":["post-617","page","type-page","status-publish","hentry"],"aioseo_notices":[],"_links":{"self":[{"href":"https:\/\/msn25.de\/index.php?rest_route=\/wp\/v2\/pages\/617","targetHints":{"allow":["GET"]}}],"collection":[{"href":"https:\/\/msn25.de\/index.php?rest_route=\/wp\/v2\/pages"}],"about":[{"href":"https:\/\/msn25.de\/index.php?rest_route=\/wp\/v2\/types\/page"}],"author":[{"embeddable":true,"href":"https:\/\/msn25.de\/index.php?rest_route=\/wp\/v2\/users\/1"}],"replies":[{"embeddable":true,"href":"https:\/\/msn25.de\/index.php?rest_route=%2Fwp%2Fv2%2Fcomments&post=617"}],"version-history":[{"count":41,"href":"https:\/\/msn25.de\/index.php?rest_route=\/wp\/v2\/pages\/617\/revisions"}],"predecessor-version":[{"id":5650,"href":"https:\/\/msn25.de\/index.php?rest_route=\/wp\/v2\/pages\/617\/revisions\/5650"}],"wp:attachment":[{"href":"https:\/\/msn25.de\/index.php?rest_route=%2Fwp%2Fv2%2Fmedia&parent=617"}],"curies":[{"name":"wp","href":"https:\/\/api.w.org\/{rel}","templated":true}]}}